{"id":2075,"date":"2023-10-31T13:19:01","date_gmt":"2023-10-31T10:19:01","guid":{"rendered":"https:\/\/eficese.com\/?post_type=product&#038;p=2075"},"modified":"2023-11-20T23:40:55","modified_gmt":"2023-11-20T20:40:55","slug":"arona-efa132-brode-pembe","status":"publish","type":"product","link":"https:\/\/eficese.com\/index.php\/urun\/arona-efa132-brode-pembe\/","title":{"rendered":"Arona EFA132 BRODE TAKIM PEMBE"},"content":{"rendered":"<p>Bu zarif ve sofistike brode s\u00fctyen tak\u0131m\u0131, kad\u0131ns\u0131 detaylar\u0131yla \u00f6n plana \u00e7\u0131k\u0131yor. Y\u00fcksek kaliteli kuma\u015f\u0131yla g\u00fcn boyu rahatl\u0131k sa\u011flarken, v\u00fccut hatlar\u0131n\u0131z\u0131 destekleyen balenleri sayesinde m\u00fckemmel bir uyum elde edersiniz.<\/p>\n<p style=\"text-align: left;\"><strong>\u00d6zellikler:<\/strong><\/p>\n<ul style=\"text-align: left;\">\n<li>Balenli<\/li>\n<li>Desteksiz<\/li>\n<li>Yumu\u015fak ve nefes alabilen kuma\u015f<\/li>\n<li>Rahat ve ayarlanabilir kay\u0131\u015flar<\/li>\n<\/ul>\n<p style=\"text-align: left;\"><strong>Beden Se\u00e7imi:<\/strong><\/p>\n<ul style=\"text-align: left;\">\n<li>S\u00fctyen bedeninizi belirlemek i\u00e7in g\u00f6\u011f\u00fcs \u00e7evrenizi ve g\u00f6\u011f\u00fcs u\u00e7lar\u0131n\u0131z aras\u0131ndaki mesafeyi \u00f6l\u00e7\u00fcn.<\/li>\n<li>K\u00fclot bedeninizi belirlemek i\u00e7in bel \u00e7evrenizi ve kal\u00e7a \u00e7evrenizi \u00f6l\u00e7\u00fcn.<\/li>\n<\/ul>\n<p style=\"text-align: left;\"><strong>Y\u0131kama Talimatlar\u0131:<\/strong><\/p>\n<ul style=\"text-align: left;\">\n<li>Elde y\u0131kama \u00f6nerilir.<\/li>\n<li>So\u011fuk su kullan\u0131n.<\/li>\n<li>\u00c7ama\u015f\u0131r suyu kullanmay\u0131n.<\/li>\n<li>Kurutucuda kurutmay\u0131n.<\/li>\n<\/ul>\n<p style=\"text-align: left;\"><strong>G\u00f6nderim:<\/strong><\/p>\n<ul style=\"text-align: left;\">\n<li>\u00dcr\u00fcnlerimiz stoklar\u0131m\u0131zda mevcuttur.<\/li>\n<li>Sipari\u015fleriniz ayn\u0131 g\u00fcn kargoya verilir.<\/li>\n<li>Sipari\u015flerinizin teslimat s\u00fcresi bulundu\u011funuz \u015fehre g\u00f6re de\u011fi\u015febilir.<\/li>\n<\/ul>\n<p style=\"text-align: left;\">\n","protected":false},"excerpt":{"rendered":"<p><strong>\u00d6zellikler:<\/strong><\/p>\n<ul>\n<li>Balenli<\/li>\n<li>Desteksiz<\/li>\n<li>Yumu\u015fak ve nefes alabilen kuma\u015f<\/li>\n<li>Rahat ve ayarlanabilir kay\u0131\u015flar<\/li>\n<li>Zarif brode detaylar<\/li>\n<\/ul>\n<p><strong>\u0130ade ve De\u011fi\u015fim:<\/strong><\/p>\n<ul>\n<li style=\"list-style-type: none;\">\n<ul>\n<li>\u00dcr\u00fcnlerimizde koruma sticker\u0131 ve kutusu a\u00e7\u0131lmad\u0131\u011f\u0131 s\u00fcrece 14 g\u00fcn s\u00fcre ile iade ve de\u011fi\u015fim garantisi vard\u0131r.<\/li>\n<li>Kutusu a\u00e7\u0131lan \u00fcr\u00fcnlerimizde hijyen kurallar\u0131 gere\u011fi <strong>\u0130ade ve de\u011fi\u015fim<\/strong> i\u015flemi yoktur.<\/li>\n<\/ul>\n<\/li>\n<\/ul>\n","protected":false},"featured_media":2077,"comment_status":"open","ping_status":"closed","template":"","meta":{"site-sidebar-layout":"no-sidebar","site-content-layout":"boxed-container","ast-site-content-layout":"normal-width-container","site-content-style":"boxed","site-sidebar-style":"boxed","ast-global-header-display":"","ast-banner-title-visibility":"","ast-main-header-display":"","ast-hfb-above-header-display":"","ast-hfb-below-header-display":"","ast-hfb-mobile-header-display":"","site-post-title":"","ast-breadcrumbs-content":"","ast-featured-img":"","footer-sml-layout":"","theme-transparent-header-meta":"default","adv-header-id-meta":"","stick-header-meta":"","header-above-stick-meta":"","header-main-stick-meta":"","header-below-stick-meta":"","astra-migrate-meta-layouts":"set","ast-page-background-enabled":"default","ast-page-background-meta":{"desktop":{"background-color":"","background-image":"","background-repeat":"repeat","background-position":"center center","background-size":"auto","background-attachment":"scroll","background-type":"","background-media":"","overlay-type":"","overlay-color":"","overlay-gradient":""},"tablet":{"background-color":"","background-image":"","background-repeat":"repeat","background-position":"center center","background-size":"auto","background-attachment":"scroll","background-type":"","background-media":"","overlay-type":"","overlay-color":"","overlay-gradient":""},"mobile":{"background-color":"","background-image":"","background-repeat":"repeat","background-position":"center center","background-size":"auto","background-attachment":"scroll","background-type":"","background-media":"","overlay-type":"","overlay-color":"","overlay-gradient":""}},"ast-content-background-meta":{"desktop":{"background-color":"var(--ast-global-color-5)","background-image":"","background-repeat":"repeat","background-position":"center center","background-size":"auto","background-attachment":"scroll","background-type":"","background-media":"","overlay-type":"","overlay-color":"","overlay-gradient":""},"tablet":{"background-color":"var(--ast-global-color-5)","background-image":"","background-repeat":"repeat","background-position":"center center","background-size":"auto","background-attachment":"scroll","background-type":"","background-media":"","overlay-type":"","overlay-color":"","overlay-gradient":""},"mobile":{"background-color":"var(--ast-global-color-5)","background-image":"","background-repeat":"repeat","background-position":"center center","background-size":"auto","background-attachment":"scroll","background-type":"","background-media":"","overlay-type":"","overlay-color":"","overlay-gradient":""}}},"product_cat":[69,68],"product_tag":[49,81,82,84,51],"jetpack_sharing_enabled":true,"_links":{"self":[{"href":"https:\/\/eficese.com\/index.php\/wp-json\/wp\/v2\/product\/2075"}],"collection":[{"href":"https:\/\/eficese.com\/index.php\/wp-json\/wp\/v2\/product"}],"about":[{"href":"https:\/\/eficese.com\/index.php\/wp-json\/wp\/v2\/types\/product"}],"replies":[{"embeddable":true,"href":"https:\/\/eficese.com\/index.php\/wp-json\/wp\/v2\/comments?post=2075"}],"wp:featuredmedia":[{"embeddable":true,"href":"https:\/\/eficese.com\/index.php\/wp-json\/wp\/v2\/media\/2077"}],"wp:attachment":[{"href":"https:\/\/eficese.com\/index.php\/wp-json\/wp\/v2\/media?parent=2075"}],"wp:term":[{"taxonomy":"product_cat","embeddable":true,"href":"https:\/\/eficese.com\/index.php\/wp-json\/wp\/v2\/product_cat?post=2075"},{"taxonomy":"product_tag","embeddable":true,"href":"https:\/\/eficese.com\/index.php\/wp-json\/wp\/v2\/product_tag?post=2075"}],"curies":[{"name":"wp","href":"https:\/\/api.w.org\/{rel}","templated":true}]}}